{"id":1169,"date":"2025-04-27T20:00:54","date_gmt":"2025-04-27T17:00:54","guid":{"rendered":"https:\/\/ekoplastika.lv\/?page_id=1169"},"modified":"2025-04-28T23:50:15","modified_gmt":"2025-04-28T20:50:15","slug":"1169-2","status":"publish","type":"page","link":"https:\/\/ekoplastika.lv\/","title":{"rendered":"S\u0101kums"},"content":{"rendered":"<div class=\"wp-block-stackable-columns alignfull stk-block-columns stk-block stk-37a1eb3 stk-block-background\" data-block-id=\"37a1eb3\"><style>.stk-37a1eb3 {background-color:var(--theme-palette-color-5, #EEEEEE) !important;padding-top:0px !important;padding-right:0px !important;padding-bottom:0px !important;padding-left:0px !important;}.stk-37a1eb3:before{background-color:var(--theme-palette-color-5, #EEEEEE) !important;}<\/style><div class=\"stk-row stk-inner-blocks stk-block-content stk-content-align stk-37a1eb3-column alignfull\"><div class=\"wp-block-stackable-column stk-block-column stk-column stk-block stk-34c8231\" data-v=\"4\" data-block-id=\"34c8231\"><div class=\"stk-column-wrapper stk-block-column__content stk-container stk-34c8231-container stk--no-background stk--no-padding\"><div class=\"stk-block-content stk-inner-blocks stk-34c8231-inner-blocks\"><header class=\"wp-block-stackable-carousel alignfull stk-block-carousel stk--is-slide stk--infinite-scroll stk--arrows-justify-space-between stk--arrows-align-center stk-block stk-f07bdfc\" data-slides-to-show=\"1\" data-block-id=\"f07bdfc\"><style>.stk-f07bdfc {--slides-to-show:1 !important;max-width:2500px !important;min-width:auto !important;padding-top:0px !important;padding-right:0px !important;padding-bottom:0px !important;padding-left:0px !important;margin-right:auto !important;margin-left:auto !important;}<\/style><div class=\"stk-block-carousel__content-wrapper\"><div class=\"stk-row stk-inner-blocks stk-block-content stk-block-carousel__slider-wrapper stk-content-align stk-f07bdfc-column alignfull\"><div class=\"stk-block-carousel__slider\" role=\"list\" data-autoplay=\"2000\" data-label-slide-of=\"Slide %%d of %%d\"><div class=\"wp-block-stackable-column stk-block-column stk-column stk-block stk-e70a663\" data-v=\"4\" data-block-id=\"e70a663\"><div class=\"stk-column-wrapper stk-block-column__content stk-container stk-e70a663-container stk--no-background stk--no-padding\"><div class=\"stk-block-content stk-inner-blocks stk-e70a663-inner-blocks\"><div class=\"wp-block-stackable-image stk-block-image stk-block stk-749e721\" data-block-id=\"749e721\"><style>.stk-749e721 .stk-img-wrapper{height:60vh !important;}<\/style><figure><span class=\"stk-img-wrapper stk-image--shape-stretch\"><img loading=\"lazy\" decoding=\"async\" class=\"stk-img wp-image-565\" src=\"https:\/\/ekoplastika.lv\/wp-content\/uploads\/2025\/04\/03.jpg\" width=\"1500\" height=\"1101\" srcset=\"https:\/\/ekoplastika.lv\/wp-content\/uploads\/2025\/04\/03.jpg 1500w, https:\/\/ekoplastika.lv\/wp-content\/uploads\/2025\/04\/03-600x440.jpg 600w, https:\/\/ekoplastika.lv\/wp-content\/uploads\/2025\/04\/03-300x220.jpg 300w, https:\/\/ekoplastika.lv\/wp-content\/uploads\/2025\/04\/03-1024x752.jpg 1024w, https:\/\/ekoplastika.lv\/wp-content\/uploads\/2025\/04\/03-768x564.jpg 768w\" sizes=\"auto, (max-width: 1500px) 100vw, 1500px\" \/><\/span><\/figure><\/div><\/div><\/div><\/div>\n\n<div class=\"wp-block-stackable-column stk-block-column stk-column stk-block stk-6df6782\" data-v=\"4\" data-block-id=\"6df6782\"><div class=\"stk-column-wrapper stk-block-column__content stk-container stk-6df6782-container stk--no-background stk--no-padding\"><div class=\"stk-block-content stk-inner-blocks stk-6df6782-inner-blocks\"><div class=\"wp-block-stackable-image stk-block-image stk-block stk-b83e6eb\" data-block-id=\"b83e6eb\"><style>.stk-b83e6eb .stk-img-wrapper{height:60vh !important;}<\/style><figure><span class=\"stk-img-wrapper stk-image--shape-stretch\"><img loading=\"lazy\" decoding=\"async\" class=\"stk-img wp-image-563\" src=\"https:\/\/ekoplastika.lv\/wp-content\/uploads\/2025\/04\/02.jpg\" width=\"1500\" height=\"1101\" srcset=\"https:\/\/ekoplastika.lv\/wp-content\/uploads\/2025\/04\/02.jpg 1500w, https:\/\/ekoplastika.lv\/wp-content\/uploads\/2025\/04\/02-600x440.jpg 600w, https:\/\/ekoplastika.lv\/wp-content\/uploads\/2025\/04\/02-300x220.jpg 300w, https:\/\/ekoplastika.lv\/wp-content\/uploads\/2025\/04\/02-1024x752.jpg 1024w, https:\/\/ekoplastika.lv\/wp-content\/uploads\/2025\/04\/02-768x564.jpg 768w\" sizes=\"auto, (max-width: 1500px) 100vw, 1500px\" \/><\/span><\/figure><\/div><\/div><\/div><\/div>\n\n<div class=\"wp-block-stackable-column stk-block-column stk-column stk-block stk-d926e94\" data-v=\"4\" data-block-id=\"d926e94\"><div class=\"stk-column-wrapper stk-block-column__content stk-container stk-d926e94-container stk--no-background stk--no-padding\"><div class=\"stk-block-content stk-inner-blocks stk-d926e94-inner-blocks\"><div class=\"wp-block-stackable-image stk-block-image stk-block stk-7524716\" data-block-id=\"7524716\"><style>.stk-7524716 .stk-img-wrapper{height:60vh !important;}<\/style><figure><span class=\"stk-img-wrapper stk-image--shape-stretch\"><img loading=\"lazy\" decoding=\"async\" class=\"stk-img wp-image-564\" src=\"https:\/\/ekoplastika.lv\/wp-content\/uploads\/2025\/04\/01.webp\" width=\"550\" height=\"412\" srcset=\"https:\/\/ekoplastika.lv\/wp-content\/uploads\/2025\/04\/01.webp 550w, https:\/\/ekoplastika.lv\/wp-content\/uploads\/2025\/04\/01-300x225.webp 300w\" sizes=\"auto, (max-width: 550px) 100vw, 550px\" \/><\/span><\/figure><\/div><\/div><\/div><\/div><\/div><div class=\"stk-block-carousel__buttons\"><button class=\"stk-block-carousel__button stk-block-carousel__button__prev\" aria-label=\"Previous slide\"><svg aria-hidden=\"true\" focusable=\"false\" data-prefix=\"fas\" data-icon=\"chevron-left\" class=\"svg-inline--fa fa-chevron-left\" xmlns=\"http:\/\/www.w3.org\/2000\/svg\" viewBox=\"0 0 320 512\" width=\"32\" height=\"32\"><path d=\"M34.52 239.03L228.87 44.69c9.37-9.37 24.57-9.37 33.94 0l22.67 22.67c9.36 9.36 9.37 24.52.04 33.9L131.49 256l154.02 154.75c9.34 9.38 9.32 24.54-.04 33.9l-22.67 22.67c-9.37 9.37-24.57 9.37-33.94 0L34.52 272.97c-9.37-9.37-9.37-24.57 0-33.94z\"><\/path><\/svg><\/button><button class=\"stk-block-carousel__button stk-block-carousel__button__next\" aria-label=\"Next slide\"><svg aria-hidden=\"true\" focusable=\"false\" data-prefix=\"fas\" data-icon=\"chevron-right\" class=\"svg-inline--fa fa-chevron-right\" xmlns=\"http:\/\/www.w3.org\/2000\/svg\" viewBox=\"0 0 320 512\" width=\"32\" height=\"32\"><path d=\"M285.476 272.971L91.132 467.314c-9.373 9.373-24.569 9.373-33.941 0l-22.667-22.667c-9.357-9.357-9.375-24.522-.04-33.901L188.505 256 34.484 101.255c-9.335-9.379-9.317-24.544.04-33.901l22.667-22.667c9.373-9.373 24.569-9.373 33.941 0L285.475 239.03c9.373 9.372 9.373 24.568.001 33.941z\"><\/path><\/svg><\/button><\/div><\/div><div class=\"stk-block-carousel__dots\" role=\"list\" data-label=\"Slide %%d\"><\/div><\/div><\/header>\n\n<div class=\"wp-block-stackable-heading alignfull stk-block-heading stk-block-heading--v2 stk-block stk-1c50a8f\" id=\"produktu-kategorijas\" data-block-id=\"1c50a8f\"><style>.stk-1c50a8f {padding-top:20px !important;padding-bottom:60px !important;}.stk-1c50a8f .stk-block-heading__text{font-size:80px !important;}@media screen and (max-width:999px){.stk-1c50a8f .stk-block-heading__text{font-size:45px !important;}}@media screen and (max-width:689px){.stk-1c50a8f .stk-block-heading__text{font-size:35px !important;}}<\/style><h2 class=\"stk-block-heading__text has-text-align-center\">Produktu kategorijas<\/h2><\/div><\/div><\/div><\/div><\/div><\/div><div class=\"wp-block-stackable-spacer stk-block-spacer stk--no-padding stk-block stk-8f15b78\" data-block-id=\"8f15b78\"><style>.stk-8f15b78 {height:120px !important;}@media screen and (max-width:999px){.stk-8f15b78 {height:80px !important;}}<\/style><\/div><div class=\"woocommerce columns-4\"><ul class=\"products columns-4\" data-products=\"type-1\" data-hover=\"zoom-in\">\n<li class=\"product-category product first\">\n\t<a aria-label=\"Visit product category Printed and Plain Bags\" href=\"https:\/\/ekoplastika.lv\/index.php\/en\/product-category\/printed-and-plain-bags-en\/\"><img loading=\"lazy\" decoding=\"async\" src=\"https:\/\/ekoplastika.lv\/wp-content\/uploads\/2025\/04\/CategoryPlastic-600x800.png\" alt=\"Printed and Plain Bags\" width=\"600\" height=\"800\" \/>\t\t<h2 class=\"woocommerce-loop-category__title\">\n\t\t\tPrinted and Plain Bags <mark class=\"count\">(4)<\/mark>\t\t<\/h2>\n\t\t<\/a><\/li>\n<li class=\"product-category product\">\n\t<a aria-label=\"Visit product category \u041f\u0430\u043a\u0435\u0442\u044b \u0441 \u043f\u0435\u0447\u0430\u0442\u044c\u044e \u0438 \u0431\u0435\u0437\" href=\"https:\/\/ekoplastika.lv\/index.php\/ru\/product-category\/printed-and-plain-bags-ru\/\"><img loading=\"lazy\" decoding=\"async\" src=\"https:\/\/ekoplastika.lv\/wp-content\/uploads\/2025\/04\/CategoryPlastic-600x800.png\" alt=\"\u041f\u0430\u043a\u0435\u0442\u044b \u0441 \u043f\u0435\u0447\u0430\u0442\u044c\u044e \u0438 \u0431\u0435\u0437\" width=\"600\" height=\"800\" \/>\t\t<h2 class=\"woocommerce-loop-category__title\">\n\t\t\t\u041f\u0430\u043a\u0435\u0442\u044b \u0441 \u043f\u0435\u0447\u0430\u0442\u044c\u044e \u0438 \u0431\u0435\u0437 <mark class=\"count\">(4)<\/mark>\t\t<\/h2>\n\t\t<\/a><\/li>\n<li class=\"product-category product\">\n\t<a aria-label=\"Visit product category Maisi\u0146i ar un bez apdrukas\" href=\"https:\/\/ekoplastika.lv\/index.php\/product-category\/printed-and-plain-bags-lv\/\"><img loading=\"lazy\" decoding=\"async\" src=\"https:\/\/ekoplastika.lv\/wp-content\/uploads\/2025\/04\/CategoryPlastic-600x800.png\" alt=\"Maisi\u0146i ar un bez apdrukas\" width=\"600\" height=\"800\" \/>\t\t<h2 class=\"woocommerce-loop-category__title\">\n\t\t\tMaisi\u0146i ar un bez apdrukas <mark class=\"count\">(4)<\/mark>\t\t<\/h2>\n\t\t<\/a><\/li>\n<li class=\"product-category product last\">\n\t<a aria-label=\"Visit product category Paper bags\" href=\"https:\/\/ekoplastika.lv\/index.php\/en\/product-category\/paper-bags-en\/\"><img loading=\"lazy\" decoding=\"async\" src=\"https:\/\/ekoplastika.lv\/wp-content\/uploads\/2025\/04\/CategoryPaper-600x800.png\" alt=\"Paper bags\" width=\"600\" height=\"800\" \/>\t\t<h2 class=\"woocommerce-loop-category__title\">\n\t\t\tPaper bags <mark class=\"count\">(6)<\/mark>\t\t<\/h2>\n\t\t<\/a><\/li>\n<li class=\"product-category product first\">\n\t<a aria-label=\"Visit product category \u0411\u0443\u043c\u0430\u0436\u043d\u044b\u0435 \u043f\u0430\u043a\u0435\u0442\u044b\" href=\"https:\/\/ekoplastika.lv\/index.php\/ru\/product-category\/paper-bags-ru\/\"><img loading=\"lazy\" decoding=\"async\" src=\"https:\/\/ekoplastika.lv\/wp-content\/uploads\/2025\/04\/CategoryPaper-600x800.png\" alt=\"\u0411\u0443\u043c\u0430\u0436\u043d\u044b\u0435 \u043f\u0430\u043a\u0435\u0442\u044b\" width=\"600\" height=\"800\" \/>\t\t<h2 class=\"woocommerce-loop-category__title\">\n\t\t\t\u0411\u0443\u043c\u0430\u0436\u043d\u044b\u0435 \u043f\u0430\u043a\u0435\u0442\u044b <mark class=\"count\">(6)<\/mark>\t\t<\/h2>\n\t\t<\/a><\/li>\n<li class=\"product-category product\">\n\t<a aria-label=\"Visit product category Pap\u012bra maisi\u0146i\" href=\"https:\/\/ekoplastika.lv\/index.php\/product-category\/paper-bags-lv\/\"><img loading=\"lazy\" decoding=\"async\" src=\"https:\/\/ekoplastika.lv\/wp-content\/uploads\/2025\/04\/CategoryPaper-600x800.png\" alt=\"Pap\u012bra maisi\u0146i\" width=\"600\" height=\"800\" \/>\t\t<h2 class=\"woocommerce-loop-category__title\">\n\t\t\tPap\u012bra maisi\u0146i <mark class=\"count\">(6)<\/mark>\t\t<\/h2>\n\t\t<\/a><\/li>\n<li class=\"product-category product\">\n\t<a aria-label=\"Visit product category Packaging for Dry Cleaners\" href=\"https:\/\/ekoplastika.lv\/index.php\/en\/product-category\/packaging-for-dry-cleaners-en\/\"><img loading=\"lazy\" decoding=\"async\" src=\"https:\/\/ekoplastika.lv\/wp-content\/uploads\/2025\/04\/DryCleaning-600x800.png\" alt=\"Packaging for Dry Cleaners\" width=\"600\" height=\"800\" \/>\t\t<h2 class=\"woocommerce-loop-category__title\">\n\t\t\tPackaging for Dry Cleaners <mark class=\"count\">(4)<\/mark>\t\t<\/h2>\n\t\t<\/a><\/li>\n<li class=\"product-category product last\">\n\t<a aria-label=\"Visit product category \u0423\u043f\u0430\u043a\u043e\u0432\u043a\u0430 \u0434\u043b\u044f \u0445\u0438\u043c\u0447\u0438\u0441\u0442\u043e\u043a\" href=\"https:\/\/ekoplastika.lv\/index.php\/ru\/product-category\/packaging-for-dry-cleaners-ru\/\"><img loading=\"lazy\" decoding=\"async\" src=\"https:\/\/ekoplastika.lv\/wp-content\/uploads\/2025\/04\/DryCleaning-600x800.png\" alt=\"\u0423\u043f\u0430\u043a\u043e\u0432\u043a\u0430 \u0434\u043b\u044f \u0445\u0438\u043c\u0447\u0438\u0441\u0442\u043e\u043a\" width=\"600\" height=\"800\" \/>\t\t<h2 class=\"woocommerce-loop-category__title\">\n\t\t\t\u0423\u043f\u0430\u043a\u043e\u0432\u043a\u0430 \u0434\u043b\u044f \u0445\u0438\u043c\u0447\u0438\u0441\u0442\u043e\u043a <mark class=\"count\">(4)<\/mark>\t\t<\/h2>\n\t\t<\/a><\/li>\n<li class=\"product-category product first\">\n\t<a aria-label=\"Visit product category Iepakojums \u0137\u012bmiskaj\u0101m t\u012br\u012btav\u0101m\" href=\"https:\/\/ekoplastika.lv\/index.php\/product-category\/packaging-for-dry-cleaners-lv\/\"><img loading=\"lazy\" decoding=\"async\" src=\"https:\/\/ekoplastika.lv\/wp-content\/uploads\/2025\/04\/DryCleaning-600x800.png\" alt=\"Iepakojums \u0137\u012bmiskaj\u0101m t\u012br\u012btav\u0101m\" width=\"600\" height=\"800\" \/>\t\t<h2 class=\"woocommerce-loop-category__title\">\n\t\t\tIepakojums \u0137\u012bmiskaj\u0101m t\u012br\u012btav\u0101m <mark class=\"count\">(4)<\/mark>\t\t<\/h2>\n\t\t<\/a><\/li>\n<li class=\"product-category product\">\n\t<a aria-label=\"Visit product category Bags for Car Services\" href=\"https:\/\/ekoplastika.lv\/index.php\/en\/product-category\/bag-for-car-service-centers-en\/\"><img loading=\"lazy\" decoding=\"async\" src=\"https:\/\/ekoplastika.lv\/wp-content\/uploads\/2025\/04\/NoLogoWheel-600x800.png\" alt=\"Bags for Car Services\" width=\"600\" height=\"800\" \/>\t\t<h2 class=\"woocommerce-loop-category__title\">\n\t\t\tBags for Car Services <mark class=\"count\">(2)<\/mark>\t\t<\/h2>\n\t\t<\/a><\/li>\n<li class=\"product-category product\">\n\t<a aria-label=\"Visit product category \u041f\u0430\u043a\u0435\u0442\u044b \u0434\u043b\u044f \u0430\u0432\u0442\u043e\u0441\u0435\u0440\u0432\u0438\u0441\u043e\u0432\" href=\"https:\/\/ekoplastika.lv\/index.php\/ru\/product-category\/bag-for-car-service-centers-ru\/\"><img loading=\"lazy\" decoding=\"async\" src=\"https:\/\/ekoplastika.lv\/wp-content\/uploads\/2025\/04\/NoLogoWheel-600x800.png\" alt=\"\u041f\u0430\u043a\u0435\u0442\u044b \u0434\u043b\u044f \u0430\u0432\u0442\u043e\u0441\u0435\u0440\u0432\u0438\u0441\u043e\u0432\" width=\"600\" height=\"800\" \/>\t\t<h2 class=\"woocommerce-loop-category__title\">\n\t\t\t\u041f\u0430\u043a\u0435\u0442\u044b \u0434\u043b\u044f \u0430\u0432\u0442\u043e\u0441\u0435\u0440\u0432\u0438\u0441\u043e\u0432 <mark class=\"count\">(2)<\/mark>\t\t<\/h2>\n\t\t<\/a><\/li>\n<li class=\"product-category product last\">\n\t<a aria-label=\"Visit product category Maisi\u0146i autoservisiem\" href=\"https:\/\/ekoplastika.lv\/index.php\/product-category\/bag-for-car-service-centers-lv\/\"><img loading=\"lazy\" decoding=\"async\" src=\"https:\/\/ekoplastika.lv\/wp-content\/uploads\/2025\/04\/NoLogoWheel-600x800.png\" alt=\"Maisi\u0146i autoservisiem\" width=\"600\" height=\"800\" \/>\t\t<h2 class=\"woocommerce-loop-category__title\">\n\t\t\tMaisi\u0146i autoservisiem <mark class=\"count\">(2)<\/mark>\t\t<\/h2>\n\t\t<\/a><\/li>\n<li class=\"product-category product first\">\n\t<a aria-label=\"Visit product category Films\" href=\"https:\/\/ekoplastika.lv\/index.php\/en\/product-category\/films-en\/\"><img loading=\"lazy\" decoding=\"async\" src=\"https:\/\/ekoplastika.lv\/wp-content\/uploads\/2025\/04\/FilmCatgory-600x800.png\" alt=\"Films\" width=\"600\" height=\"800\" \/>\t\t<h2 class=\"woocommerce-loop-category__title\">\n\t\t\tFilms <mark class=\"count\">(4)<\/mark>\t\t<\/h2>\n\t\t<\/a><\/li>\n<li class=\"product-category product\">\n\t<a aria-label=\"Visit product category \u041f\u043b\u0451\u043d\u043a\u0438\" href=\"https:\/\/ekoplastika.lv\/index.php\/ru\/product-category\/films-ru\/\"><img loading=\"lazy\" decoding=\"async\" src=\"https:\/\/ekoplastika.lv\/wp-content\/uploads\/2025\/04\/FilmCatgory-600x800.png\" alt=\"\u041f\u043b\u0451\u043d\u043a\u0438\" width=\"600\" height=\"800\" \/>\t\t<h2 class=\"woocommerce-loop-category__title\">\n\t\t\t\u041f\u043b\u0451\u043d\u043a\u0438 <mark class=\"count\">(4)<\/mark>\t\t<\/h2>\n\t\t<\/a><\/li>\n<li class=\"product-category product\">\n\t<a aria-label=\"Visit product category Pl\u0113ves\" href=\"https:\/\/ekoplastika.lv\/index.php\/product-category\/films-lv\/\"><img loading=\"lazy\" decoding=\"async\" src=\"https:\/\/ekoplastika.lv\/wp-content\/uploads\/2025\/04\/FilmCatgory-600x800.png\" alt=\"Pl\u0113ves\" width=\"600\" height=\"800\" \/>\t\t<h2 class=\"woocommerce-loop-category__title\">\n\t\t\tPl\u0113ves <mark class=\"count\">(4)<\/mark>\t\t<\/h2>\n\t\t<\/a><\/li>\n<li class=\"product-category product last\">\n\t<a aria-label=\"Visit product category Packaging for Food Products\" href=\"https:\/\/ekoplastika.lv\/index.php\/en\/product-category\/packaging-for-the-food-industry-en\/\"><img loading=\"lazy\" decoding=\"async\" src=\"https:\/\/ekoplastika.lv\/wp-content\/uploads\/2025\/04\/CategoryFood-1-600x800.png\" alt=\"Packaging for Food Products\" width=\"600\" height=\"800\" \/>\t\t<h2 class=\"woocommerce-loop-category__title\">\n\t\t\tPackaging for Food Products <mark class=\"count\">(3)<\/mark>\t\t<\/h2>\n\t\t<\/a><\/li>\n<li class=\"product-category product first\">\n\t<a aria-label=\"Visit product category \u0423\u043f\u0430\u043a\u043e\u0432\u043a\u0430 \u0434\u043b\u044f \u043f\u0438\u0449\u0435\u0432\u043e\u0439 \u043f\u0440\u043e\u0434\u0443\u043a\u0446\u0438\u0438\" href=\"https:\/\/ekoplastika.lv\/index.php\/ru\/product-category\/packaging-for-the-food-industry-ru\/\"><img loading=\"lazy\" decoding=\"async\" src=\"https:\/\/ekoplastika.lv\/wp-content\/uploads\/2025\/04\/CategoryFood-1-600x800.png\" alt=\"\u0423\u043f\u0430\u043a\u043e\u0432\u043a\u0430 \u0434\u043b\u044f \u043f\u0438\u0449\u0435\u0432\u043e\u0439 \u043f\u0440\u043e\u0434\u0443\u043a\u0446\u0438\u0438\" width=\"600\" height=\"800\" \/>\t\t<h2 class=\"woocommerce-loop-category__title\">\n\t\t\t\u0423\u043f\u0430\u043a\u043e\u0432\u043a\u0430 \u0434\u043b\u044f \u043f\u0438\u0449\u0435\u0432\u043e\u0439 \u043f\u0440\u043e\u0434\u0443\u043a\u0446\u0438\u0438 <mark class=\"count\">(3)<\/mark>\t\t<\/h2>\n\t\t<\/a><\/li>\n<li class=\"product-category product\">\n\t<a aria-label=\"Visit product category Iepakojums p\u0101rtikas produktiem\" href=\"https:\/\/ekoplastika.lv\/index.php\/product-category\/packaging-for-the-food-industry-lv\/\"><img loading=\"lazy\" decoding=\"async\" src=\"https:\/\/ekoplastika.lv\/wp-content\/uploads\/2025\/04\/CategoryFood-1-600x800.png\" alt=\"Iepakojums p\u0101rtikas produktiem\" width=\"600\" height=\"800\" \/>\t\t<h2 class=\"woocommerce-loop-category__title\">\n\t\t\tIepakojums p\u0101rtikas produktiem <mark class=\"count\">(3)<\/mark>\t\t<\/h2>\n\t\t<\/a><\/li>\n<li class=\"product-category product\">\n\t<a aria-label=\"Visit product category Industrial Packaging\" href=\"https:\/\/ekoplastika.lv\/index.php\/en\/product-category\/industrial-packaging-en\/\"><img loading=\"lazy\" decoding=\"async\" src=\"https:\/\/ekoplastika.lv\/wp-content\/uploads\/2025\/04\/CategoryIndustrial-600x800.png\" alt=\"Industrial Packaging\" width=\"600\" height=\"800\" \/>\t\t<h2 class=\"woocommerce-loop-category__title\">\n\t\t\tIndustrial Packaging <mark class=\"count\">(4)<\/mark>\t\t<\/h2>\n\t\t<\/a><\/li>\n<li class=\"product-category product last\">\n\t<a aria-label=\"Visit product category Available in Stock\" href=\"https:\/\/ekoplastika.lv\/index.php\/en\/product-category\/available-in-stock-en\/\"><img loading=\"lazy\" decoding=\"async\" src=\"https:\/\/ekoplastika.lv\/wp-content\/uploads\/2025\/04\/InStock-600x800.png\" alt=\"Available in Stock\" width=\"600\" height=\"800\" \/>\t\t<h2 class=\"woocommerce-loop-category__title\">\n\t\t\tAvailable in Stock <mark class=\"count\">(6)<\/mark>\t\t<\/h2>\n\t\t<\/a><\/li>\n<li class=\"product-category product first\">\n\t<a aria-label=\"Visit product category \u041f\u0440\u043e\u0438\u0437\u0432\u043e\u0434\u0441\u0442\u0432\u0435\u043d\u043d\u0430\u044f \u0443\u043f\u0430\u043a\u043e\u0432\u043a\u0430\" href=\"https:\/\/ekoplastika.lv\/index.php\/ru\/product-category\/industrial-packaging-ru\/\"><img loading=\"lazy\" decoding=\"async\" src=\"https:\/\/ekoplastika.lv\/wp-content\/uploads\/2025\/04\/CategoryIndustrial-600x800.png\" alt=\"\u041f\u0440\u043e\u0438\u0437\u0432\u043e\u0434\u0441\u0442\u0432\u0435\u043d\u043d\u0430\u044f \u0443\u043f\u0430\u043a\u043e\u0432\u043a\u0430\" width=\"600\" height=\"800\" \/>\t\t<h2 class=\"woocommerce-loop-category__title\">\n\t\t\t\u041f\u0440\u043e\u0438\u0437\u0432\u043e\u0434\u0441\u0442\u0432\u0435\u043d\u043d\u0430\u044f \u0443\u043f\u0430\u043a\u043e\u0432\u043a\u0430 <mark class=\"count\">(4)<\/mark>\t\t<\/h2>\n\t\t<\/a><\/li>\n<li class=\"product-category product\">\n\t<a aria-label=\"Visit product category R\u016bpnieciskais iepakojums\" href=\"https:\/\/ekoplastika.lv\/index.php\/product-category\/industrial-packaging-lv\/\"><img loading=\"lazy\" decoding=\"async\" src=\"https:\/\/ekoplastika.lv\/wp-content\/uploads\/2025\/04\/CategoryIndustrial-600x800.png\" alt=\"R\u016bpnieciskais iepakojums\" width=\"600\" height=\"800\" \/>\t\t<h2 class=\"woocommerce-loop-category__title\">\n\t\t\tR\u016bpnieciskais iepakojums <mark class=\"count\">(4)<\/mark>\t\t<\/h2>\n\t\t<\/a><\/li>\n<li class=\"product-category product\">\n\t<a aria-label=\"Visit product category \u0414\u043e\u0441\u0442\u0443\u043f\u043d\u043e \u043d\u0430 \u0441\u043a\u043b\u0430\u0434\u0435\" href=\"https:\/\/ekoplastika.lv\/index.php\/ru\/product-category\/available-in-stock-ru\/\"><img loading=\"lazy\" decoding=\"async\" src=\"https:\/\/ekoplastika.lv\/wp-content\/uploads\/2025\/04\/InStock-600x800.png\" alt=\"\u0414\u043e\u0441\u0442\u0443\u043f\u043d\u043e \u043d\u0430 \u0441\u043a\u043b\u0430\u0434\u0435\" width=\"600\" height=\"800\" \/>\t\t<h2 class=\"woocommerce-loop-category__title\">\n\t\t\t\u0414\u043e\u0441\u0442\u0443\u043f\u043d\u043e \u043d\u0430 \u0441\u043a\u043b\u0430\u0434\u0435 <mark class=\"count\">(6)<\/mark>\t\t<\/h2>\n\t\t<\/a><\/li>\n<li class=\"product-category product last\">\n\t<a aria-label=\"Visit product category Pieejams noliktav\u0101\" href=\"https:\/\/ekoplastika.lv\/index.php\/product-category\/available-in-stock-lv\/\"><img loading=\"lazy\" decoding=\"async\" src=\"https:\/\/ekoplastika.lv\/wp-content\/uploads\/2025\/04\/InStock-600x800.png\" alt=\"Pieejams noliktav\u0101\" width=\"600\" height=\"800\" \/>\t\t<h2 class=\"woocommerce-loop-category__title\">\n\t\t\tPieejams noliktav\u0101 <mark class=\"count\">(6)<\/mark>\t\t<\/h2>\n\t\t<\/a><\/li>\n<\/ul>\n<\/div><div class=\"wp-block-stackable-spacer stk-block-spacer stk--no-padding stk-block stk-c595951\" data-block-id=\"c595951\"><style>.stk-c595951 {height:120px !important;}@media screen and (max-width:999px){.stk-c595951 {height:80px !important;}}<\/style><\/div>","protected":false},"excerpt":{"rendered":"<p>Produktu kategorijas<\/p>\n","protected":false},"author":1,"featured_media":0,"parent":0,"menu_order":0,"comment_status":"closed","ping_status":"closed","template":"","meta":{"footnotes":""},"class_list":["post-1169","page","type-page","status-publish","hentry"],"blocksy_meta":{"disable_header":"no","content_style_source":"inherit","vertical_spacing_source":"custom","content_area_spacing":"bottom","styles_descriptor":{"styles":{"desktop":"","tablet":"","mobile":""},"google_fonts":[],"version":6}},"_links":{"self":[{"href":"https:\/\/ekoplastika.lv\/index.php\/wp-json\/wp\/v2\/pages\/1169","targetHints":{"allow":["GET"]}}],"collection":[{"href":"https:\/\/ekoplastika.lv\/index.php\/wp-json\/wp\/v2\/pages"}],"about":[{"href":"https:\/\/ekoplastika.lv\/index.php\/wp-json\/wp\/v2\/types\/page"}],"author":[{"embeddable":true,"href":"https:\/\/ekoplastika.lv\/index.php\/wp-json\/wp\/v2\/users\/1"}],"replies":[{"embeddable":true,"href":"https:\/\/ekoplastika.lv\/index.php\/wp-json\/wp\/v2\/comments?post=1169"}],"version-history":[{"count":3,"href":"https:\/\/ekoplastika.lv\/index.php\/wp-json\/wp\/v2\/pages\/1169\/revisions"}],"predecessor-version":[{"id":1268,"href":"https:\/\/ekoplastika.lv\/index.php\/wp-json\/wp\/v2\/pages\/1169\/revisions\/1268"}],"wp:attachment":[{"href":"https:\/\/ekoplastika.lv\/index.php\/wp-json\/wp\/v2\/media?parent=1169"}],"curies":[{"name":"wp","href":"https:\/\/api.w.org\/{rel}","templated":true}]}}